{"id":46,"date":"2020-06-27T12:45:56","date_gmt":"2020-06-27T12:45:56","guid":{"rendered":"http:\/\/psychotherapie-steinkopf.de\/?page_id=46"},"modified":"2021-03-11T12:51:01","modified_gmt":"2021-03-11T12:51:01","slug":"impressum","status":"publish","type":"page","link":"https:\/\/psychotherapie-steinkopf.de\/?page_id=46","title":{"rendered":"Impressum"},"content":{"rendered":"\n<p><strong>Psychotherapeut<\/strong> Julius Steinkopf<br>Waldstra\u00dfe 1<br>27570 Bremerhaven<br>Telefon: 0152\/25833371<br>E-Mail: kontakt@psychotherapie-steinkopf.de<br>Internet: psychotherapie-steinkopf.de<\/p>\n\n\n\n<p><strong>Berufsbezeichnung<\/strong><br>Psychologischer Psychotherapeut<br>(verliehen in der Bundesrepublik Deutschland durch das Landesamt f\u00fcr Gesundheit und Soziales von Bremen)<\/p>\n\n\n\n<strong>Zust\u00e4ndige Aufsichtsbeh\u00f6rden<\/strong><br>\n<ol><li>Senatorin f\u00fcr Gesundheit, Frauen und Verbraucherschutz<br>Contrescarpe 72<br>28195 Bremen<br>Telefon: 04213610<br>E-Mail: office@gesundheit.bremen.de<\/li><li>Kassen\u00e4rztliche Vereinigung Bremen<br>Schwachhauser Heerstra\u00dfe 26-28<br>28209 Bremen<br>Telefon: 0421 3404-0 <br>Telefax: 0421 3404-100<\/li><\/ol>\n\n\n\n<p><strong>Zust\u00e4ndige Kammer:<\/strong><br>Psychotherapeutenkammer Bremen<br>Holleralle 22<br>28209 Bremen<br>Telefon: 0421\/2772000<br>Telefax: 0421\/2772002<br>E-Mail: verwaltung@pk-hb.de<\/p>\n\n\n\n<strong>Berufsrechtliche Regelungen<\/strong><br>\n<ol><li>Berufsordnung der Kammer f\u00fcr Psychologische Psychotherapeuten und Kinder- und Jugendlichenpsychotherapeuten im Land Bremen<\/li><li>Psychotherapeutengesetz<br>Die Regelungen k\u00f6nnen bei der Psychotherapeutenkammer Bremen<br>unter <a href=\"http:\/\/www.pk-hb.de\/\">http:\/\/www.pk-hb.de\/<\/a> eingesehen werden<\/li><\/ol>\n","protected":false},"excerpt":{"rendered":"<p>Psychotherapeut Julius SteinkopfWaldstra\u00dfe 127570 BremerhavenTelefon: 0152\/25833371E-Mail: kontakt@psychotherapie-steinkopf.deInternet: psychotherapie-steinkopf.de BerufsbezeichnungPsychologischer Psychotherapeut(verliehen in der Bundesrepublik Deutschland durch das Landesamt f\u00fcr Gesundheit und Soziales von Bremen) Zust\u00e4ndige Aufsichtsbeh\u00f6rden Senatorin f\u00fcr Gesundheit, Frauen und &hellip; <\/p>\n","protected":false},"author":1,"featured_media":74,"parent":0,"menu_order":0,"comment_status":"closed","ping_status":"closed","template":"","meta":[],"_links":{"self":[{"href":"https:\/\/psychotherapie-steinkopf.de\/index.php?rest_route=\/wp\/v2\/pages\/46"}],"collection":[{"href":"https:\/\/psychotherapie-steinkopf.de\/index.php?rest_route=\/wp\/v2\/pages"}],"about":[{"href":"https:\/\/psychotherapie-steinkopf.de\/index.php?rest_route=\/wp\/v2\/types\/page"}],"author":[{"embeddable":true,"href":"https:\/\/psychotherapie-steinkopf.de\/index.php?rest_route=\/wp\/v2\/users\/1"}],"replies":[{"embeddable":true,"href":"https:\/\/psychotherapie-steinkopf.de\/index.php?rest_route=%2Fwp%2Fv2%2Fcomments&post=46"}],"version-history":[{"count":17,"href":"https:\/\/psychotherapie-steinkopf.de\/index.php?rest_route=\/wp\/v2\/pages\/46\/revisions"}],"predecessor-version":[{"id":333,"href":"https:\/\/psychotherapie-steinkopf.de\/index.php?rest_route=\/wp\/v2\/pages\/46\/revisions\/333"}],"wp:featuredmedia":[{"embeddable":true,"href":"https:\/\/psychotherapie-steinkopf.de\/index.php?rest_route=\/wp\/v2\/media\/74"}],"wp:attachment":[{"href":"https:\/\/psychotherapie-steinkopf.de\/index.php?rest_route=%2Fwp%2Fv2%2Fmedia&parent=46"}],"curies":[{"name":"wp","href":"https:\/\/api.w.org\/{rel}","templated":true}]}}