{"id":30,"date":"2020-06-27T12:39:07","date_gmt":"2020-06-27T12:39:07","guid":{"rendered":"http:\/\/psychotherapie-steinkopf.de\/?page_id=30"},"modified":"2020-06-27T22:16:48","modified_gmt":"2020-06-27T22:16:48","slug":"kosten","status":"publish","type":"page","link":"https:\/\/psychotherapie-steinkopf.de\/?page_id=30","title":{"rendered":"Kosten"},"content":{"rendered":"\n<p>Die probatorischen Sitzungen und die Sprechstunde werden von den Krankenkassen \u00fcbernommen. Bei einer Kurzzeittherapie k\u00f6nnen nach den probatorischen Sitzungen bis zu 24 Sitzungen, bei einer Langzeittherapie bis zu 60 Sitzungen bei den Krankenkassen beantragt werden. Da es leichte Unterschiede zwischen den gesetzlichen und privaten Krankenkassen bei der Kosten\u00fcbernahme gibt, sind diese weiter unten aufgef\u00fchrt. <\/p>\n\n\n\n<h4 class=\"collapseomatic \" id=\"id6a0081cb49638\"  tabindex=\"0\" title=\"Gesetzliche Krankenkassen\"    >Gesetzliche Krankenkassen<\/h4><div id=\"target-id6a0081cb49638\" class=\"collapseomatic_content \">\n<p>Psychotherapie wird von den gesetzlichen Krankenkassen \u00fcbernommen. Probatorik und Sprechstunden werden automatisch \u00fcbernommen. Nach einer entsprechenden Pr\u00fcfung durch die Krankenkassen werden auch die folgenden Therapiesitzungen \u00fcbernommen.<\/div>\n\n\n\n<h4 class=\"collapseomatic \" id=\"id6a0081cb4968e\"  tabindex=\"0\" title=\"Private Krankenkassen\"    >Private Krankenkassen<\/h4><div id=\"target-id6a0081cb4968e\" class=\"collapseomatic_content \">\n<p>\u00c4hnlich wie die gesetzlichen Krankenkassen \u00fcbernehmen die privaten Krankenkassen und die Beihilfe in der Regel die Kosten f\u00fcr eine Psychotherapie. Da sich die Vertr\u00e4ge der privaten Krankenkassen leicht unterscheiden und nicht alle privaten Krankenkassen die Psychotherapie \u00fcbernehmen, ist es wichtig, dass Sie vor Beginn der Behandlung \u00fcberpr\u00fcfen, ob Psychotherapie als Leistung entsprechend abgedeckt ist.<\/div>\n\n\n\n<h4 class=\"collapseomatic \" id=\"id6a0081cb496b8\"  tabindex=\"0\" title=\"Selbstzahler\"    >Selbstzahler<\/h4><div id=\"target-id6a0081cb496b8\" class=\"collapseomatic_content \">\n<p>Sollten Sie es w\u00fcnschen, k\u00f6nnen Sie die Behandlung auch selbst zahlen. Als Grundlage f\u00fcr die Abrechnung dient die <a href=\"https:\/\/www.bptk.de\/wp-content\/uploads\/2020\/04\/GOP-Infotabelle_Stand-2020.pdf\"><u>Geb\u00fchrenordnung f\u00fcr Psychotherapeuten<u><\/a>.<\/div>\n\n\n\n<p><\/p>\n","protected":false},"excerpt":{"rendered":"<p>Die probatorischen Sitzungen und die Sprechstunde werden von den Krankenkassen \u00fcbernommen. Bei einer Kurzzeittherapie k\u00f6nnen nach den probatorischen Sitzungen bis zu 24 Sitzungen, bei einer Langzeittherapie bis zu 60 Sitzungen &hellip; <\/p>\n","protected":false},"author":1,"featured_media":74,"parent":0,"menu_order":0,"comment_status":"closed","ping_status":"closed","template":"","meta":[],"_links":{"self":[{"href":"https:\/\/psychotherapie-steinkopf.de\/index.php?rest_route=\/wp\/v2\/pages\/30"}],"collection":[{"href":"https:\/\/psychotherapie-steinkopf.de\/index.php?rest_route=\/wp\/v2\/pages"}],"about":[{"href":"https:\/\/psychotherapie-steinkopf.de\/index.php?rest_route=\/wp\/v2\/types\/page"}],"author":[{"embeddable":true,"href":"https:\/\/psychotherapie-steinkopf.de\/index.php?rest_route=\/wp\/v2\/users\/1"}],"replies":[{"embeddable":true,"href":"https:\/\/psychotherapie-steinkopf.de\/index.php?rest_route=%2Fwp%2Fv2%2Fcomments&post=30"}],"version-history":[{"count":14,"href":"https:\/\/psychotherapie-steinkopf.de\/index.php?rest_route=\/wp\/v2\/pages\/30\/revisions"}],"predecessor-version":[{"id":285,"href":"https:\/\/psychotherapie-steinkopf.de\/index.php?rest_route=\/wp\/v2\/pages\/30\/revisions\/285"}],"wp:featuredmedia":[{"embeddable":true,"href":"https:\/\/psychotherapie-steinkopf.de\/index.php?rest_route=\/wp\/v2\/media\/74"}],"wp:attachment":[{"href":"https:\/\/psychotherapie-steinkopf.de\/index.php?rest_route=%2Fwp%2Fv2%2Fmedia&parent=30"}],"curies":[{"name":"wp","href":"https:\/\/api.w.org\/{rel}","templated":true}]}}