{"id":29,"date":"2020-06-27T12:39:07","date_gmt":"2020-06-27T12:39:07","guid":{"rendered":"http:\/\/psychotherapie-steinkopf.de\/?page_id=29"},"modified":"2020-06-29T19:49:23","modified_gmt":"2020-06-29T19:49:23","slug":"therapie","status":"publish","type":"page","link":"https:\/\/psychotherapie-steinkopf.de\/?page_id=29","title":{"rendered":"Therapie"},"content":{"rendered":"\n<p>Psychotherapie ist eine Kassenleistung, die sowohl von den gesetzlichen- als auch von den privaten Krankenkassen \u00fcbernommen wird. Im Folgenden gebe ich Ihnen einige Infos zum Ablauf und den Rahmenbedingungen einer Therapie.<\/p>\n\n\n\n<h4 class=\"collapseomatic \" id=\"id69f09e9e2b606\"  tabindex=\"0\" title=\"Unterschied Psychiater\/Psychotherapeut\"    >Unterschied Psychiater\/Psychotherapeut<\/h4><div id=\"target-id69f09e9e2b606\" class=\"collapseomatic_content \">\n<p>Ein Psychiater ist ein Mediziner, der sich im Rahmen einer fach\u00e4rztlichen Ausbildung auf die Behandlungen psychischer St\u00f6rungen spezialisiert hat. Es gibt dabei verschiedene Fach\u00e4rzte wie den Facharzt f\u00fcr Psychiatrie und Psychotherapie, Facharzt f\u00fcr Psychiatrie und Neurologie oder den Facharzt f\u00fcr psychotherapeutische Medizin. Psychiater k\u00f6nnen Psychotherapie anbieten und auch Medikamente verschreiben. Psychologische Psychotherapeuten haben einen universit\u00e4ren Abschluss in Psychologie erworben (M.Sc.\/Diplom) und im Anschluss eine Psychotherapeutenausbildung absolviert. Im Anschluss an die drei- bis f\u00fcnfj\u00e4hrige Zusatzausbildung erwerben Psychotherapeuten eine Approbation und den Titel des psychologischen Psychotherapeuten. Psychotherapeuten verschreiben aber keine Medikamente, sondern bieten ausschlie\u00dflich Psychotherapie an. <\/div>\n\n\n\n<h4 class=\"collapseomatic \" id=\"id69f09e9e2b633\"  tabindex=\"0\" title=\"Welche Therapierichtungen gibt es?\"    >Welche Therapierichtungen gibt es?<\/h4><div id=\"target-id69f09e9e2b633\" class=\"collapseomatic_content \">\n<p>Von den Krankenkassen werden Kosten f\u00fcr die psychoanalytische-, tiefenpsychologische-, verhaltenstherapeutische- und die systemische Therapie \u00fcbernommen. Bei allen genannten Therapieformen handelt es sich um wissenschaftlich-gepr\u00fcfte Therapieverfahren. In der Regel spezialisieren sich angehende Therapeuten im Rahmen ihrer Ausbildung auf ein Therapieverfahren. Ich habe mich im Rahmen der Ausbildung auf die kognitive Verhaltenstherapie spezialisiert und biete in der Praxis ausschlie\u00dflich die kognitive Verhaltenstherapie (KVT) an. <\/div>\n\n\n\n<h4 class=\"collapseomatic \" id=\"id69f09e9e2b64a\"  tabindex=\"0\" title=\"Was beinhaltet die kognitive Verhaltenstherapie?\"    >Was beinhaltet die kognitive Verhaltenstherapie?<\/h4><div id=\"target-id69f09e9e2b64a\" class=\"collapseomatic_content \">\n<p>Im Rahmen einer kognitiven Verhaltenstherapie liegt der Fokus auf dem gegenw\u00e4rtigem emotionalen Erleben. Es geht darum das eigene emotionale Erleben besser verstehen und gegebenenfalls auch beeinflussen zu k\u00f6nnen. Ebenso geht es darum bestehende Verhaltensmuster oder Denkmuster besser verstehen oder steuern zu k\u00f6nnen, vor allen wenn diese im Alltag immer wieder zu Problemen f\u00fchren. <\/div>\n\n\n\n<h4 class=\"collapseomatic \" id=\"id69f09e9e2b65c\"  tabindex=\"0\" title=\"Wie l\u00e4uft eine Therapie ab?\"    >Wie l\u00e4uft eine Therapie ab?<\/h4><div id=\"target-id69f09e9e2b65c\" class=\"collapseomatic_content \">\n<p>Zu Beginn einer Therapie wird in den sogenannten probatorischen Sitzungen und der psychotherapeutischen Sprechstunde eine ausf\u00fchrliche Diagnostik durchgef\u00fchrt. Beides dient au\u00dferdem dem gegenseitigen Kennenlernen. Im Anschluss k\u00f6nnen weitere Stunden bei den Krankenkassen beantragt werden. <\/div>\n\n\n\n<p><\/p>\n\n\n\n<p> <\/p>\n","protected":false},"excerpt":{"rendered":"<p>Psychotherapie ist eine Kassenleistung, die sowohl von den gesetzlichen- als auch von den privaten Krankenkassen \u00fcbernommen wird. Im Folgenden gebe ich Ihnen einige Infos zum Ablauf und den Rahmenbedingungen einer &hellip; <\/p>\n","protected":false},"author":1,"featured_media":74,"parent":0,"menu_order":0,"comment_status":"closed","ping_status":"closed","template":"","meta":[],"_links":{"self":[{"href":"https:\/\/psychotherapie-steinkopf.de\/index.php?rest_route=\/wp\/v2\/pages\/29"}],"collection":[{"href":"https:\/\/psychotherapie-steinkopf.de\/index.php?rest_route=\/wp\/v2\/pages"}],"about":[{"href":"https:\/\/psychotherapie-steinkopf.de\/index.php?rest_route=\/wp\/v2\/types\/page"}],"author":[{"embeddable":true,"href":"https:\/\/psychotherapie-steinkopf.de\/index.php?rest_route=\/wp\/v2\/users\/1"}],"replies":[{"embeddable":true,"href":"https:\/\/psychotherapie-steinkopf.de\/index.php?rest_route=%2Fwp%2Fv2%2Fcomments&post=29"}],"version-history":[{"count":13,"href":"https:\/\/psychotherapie-steinkopf.de\/index.php?rest_route=\/wp\/v2\/pages\/29\/revisions"}],"predecessor-version":[{"id":304,"href":"https:\/\/psychotherapie-steinkopf.de\/index.php?rest_route=\/wp\/v2\/pages\/29\/revisions\/304"}],"wp:featuredmedia":[{"embeddable":true,"href":"https:\/\/psychotherapie-steinkopf.de\/index.php?rest_route=\/wp\/v2\/media\/74"}],"wp:attachment":[{"href":"https:\/\/psychotherapie-steinkopf.de\/index.php?rest_route=%2Fwp%2Fv2%2Fmedia&parent=29"}],"curies":[{"name":"wp","href":"https:\/\/api.w.org\/{rel}","templated":true}]}}