{"id":146,"date":"2020-06-27T16:10:54","date_gmt":"2020-06-27T16:10:54","guid":{"rendered":"http:\/\/psychotherapie-steinkopf.de\/?page_id=146"},"modified":"2020-06-28T19:17:02","modified_gmt":"2020-06-28T19:17:02","slug":"beratung-coaching","status":"publish","type":"page","link":"https:\/\/psychotherapie-steinkopf.de\/?page_id=146","title":{"rendered":"Coaching"},"content":{"rendered":"\n<h4 class=\"collapseomatic \" id=\"id69f09d8db0e68\"  tabindex=\"0\" title=\"Was unterscheidet Psychotherapie und Coaching?\"    >Was unterscheidet Psychotherapie und Coaching?<\/h4><div id=\"target-id69f09d8db0e68\" class=\"collapseomatic_content \"> <p>Neben der Psychotherapie biete ich in meiner Praxis auch Coaching f\u00fcr Einzelpersonen an. Im Unterschied zur Psychotherapie ist Coaching keine Kassenleistung. Die Kosten f\u00fcr ein Coaching m\u00fcssen privat getragen werden. Des Weiteren umfasst ein Coaching nicht die Behandlung einer psychischen St\u00f6rung.<\/div>\n\n\n\n<h4 class=\"collapseomatic \" id=\"id69f09d8db0e97\"  tabindex=\"0\" title=\"Fragestellungen f\u00fcr ein Coaching\"    >Fragestellungen f\u00fcr ein Coaching<\/h4><div id=\"target-id69f09d8db0e97\" class=\"collapseomatic_content \"> <ul><li>&#8222;Ich m\u00f6chte mich beruflich ver\u00e4ndern und mich diesbez\u00fcglich beraten lassen&#8220; <\/li><li>&#8222;Ich m\u00f6chte wieder mehr Selbstbewusstsein bekommen&#8220; <\/li><li>&#8222;Ich m\u00f6chte herausfinden welcher Beruf am besten zu meinem Pers\u00f6nlichkeitsprofil passt&#8220; <\/li><li>&#8222;Ich m\u00f6chte meine Work-Life Balance verbessern&#8220; <\/li><li>&#8222;Ich m\u00f6chte mit Belastungen in meinem Alltag besser umgehen k\u00f6nnen&#8220; <\/li><li>&#8222;Ich kann die Bedingungen in meinem Job nur wenig beeinflussen, m\u00f6chte aber trotzdem mit der Belastung besser umgehen k\u00f6nnen&#8220; <\/li><\/ul><\/div>\n\n\n\n<h4 class=\"collapseomatic \" id=\"id69f09d8db0eae\"  tabindex=\"0\" title=\"Ablauf des Coachings\"    >Ablauf des Coachings<\/h4><div id=\"target-id69f09d8db0eae\" class=\"collapseomatic_content \">\n<p> Zu Beginn des Coachings werden zun\u00e4chst gemeinsam Ziele erarbeitet. Im weiteren Verlauf wird dann immer wieder \u00fcberpr\u00fcft, ob die Ziele erreicht werden konnten. Die Anzah der Sitzungen wird zu Beginn, in Abh\u00e4ngigkeit von den individuellen Zielen, festgelegt. Im Rahmen des Coachings m\u00f6chte ich Sie dabei unterst\u00fctzen L\u00f6sungsm\u00f6glichkeiten zu entwickeln und diese in Ihrem Alltag umzusetzen.<\/div>\n\n\n\n<h4 class=\"collapseomatic \" id=\"id69f09d8db0ec0\"  tabindex=\"0\" title=\"Was kostet ein Coaching?\"    >Was kostet ein Coaching?<\/h4><div id=\"target-id69f09d8db0ec0\" class=\"collapseomatic_content \"> Sollten Sie Interesse an einem Coaching haben kontaktieren Sie mich gerne per E-Mail oder Telefon. Ich lasse Ihnen dann ein Angebot zukommen.<\/div>\n\n\n\n<p><\/p>\n","protected":false},"excerpt":{"rendered":"","protected":false},"author":1,"featured_media":74,"parent":0,"menu_order":0,"comment_status":"closed","ping_status":"closed","template":"","meta":[],"_links":{"self":[{"href":"https:\/\/psychotherapie-steinkopf.de\/index.php?rest_route=\/wp\/v2\/pages\/146"}],"collection":[{"href":"https:\/\/psychotherapie-steinkopf.de\/index.php?rest_route=\/wp\/v2\/pages"}],"about":[{"href":"https:\/\/psychotherapie-steinkopf.de\/index.php?rest_route=\/wp\/v2\/types\/page"}],"author":[{"embeddable":true,"href":"https:\/\/psychotherapie-steinkopf.de\/index.php?rest_route=\/wp\/v2\/users\/1"}],"replies":[{"embeddable":true,"href":"https:\/\/psychotherapie-steinkopf.de\/index.php?rest_route=%2Fwp%2Fv2%2Fcomments&post=146"}],"version-history":[{"count":12,"href":"https:\/\/psychotherapie-steinkopf.de\/index.php?rest_route=\/wp\/v2\/pages\/146\/revisions"}],"predecessor-version":[{"id":301,"href":"https:\/\/psychotherapie-steinkopf.de\/index.php?rest_route=\/wp\/v2\/pages\/146\/revisions\/301"}],"wp:featuredmedia":[{"embeddable":true,"href":"https:\/\/psychotherapie-steinkopf.de\/index.php?rest_route=\/wp\/v2\/media\/74"}],"wp:attachment":[{"href":"https:\/\/psychotherapie-steinkopf.de\/index.php?rest_route=%2Fwp%2Fv2%2Fmedia&parent=146"}],"curies":[{"name":"wp","href":"https:\/\/api.w.org\/{rel}","templated":true}]}}